{"id":788,"date":"2025-05-09T22:44:04","date_gmt":"2025-05-09T19:44:04","guid":{"rendered":"https:\/\/storiakw.com\/?post_type=product&#038;p=788"},"modified":"2026-04-21T14:50:26","modified_gmt":"2026-04-21T11:50:26","slug":"gf-dolce-amo-choco-bites-850g","status":"publish","type":"product","link":"https:\/\/storiakw.com\/?product=gf-dolce-amo-choco-bites-850g","title":{"rendered":"GF Dolce Amo Choco Bites \u2013 850g"},"content":{"rendered":"<p>Made in Poland<\/p>\n<p><strong>(GB) GF Dolce Amo Choco Bites \u2013 850g \u00a0 \u00a0 \u00a0 \u00a0 \u00a0 \u00a0 \u00a0 \u00a0 \u00a0 \u00a0 \u00a0 \u00a0 \u00a0 \u00a0 \u00a0 \u00a0 \u00a0 \u00a0 \u00a0 \u00a0 \u00a0 \u00a0 \u00a0 \u00a0<\/strong><\/p>\n<p>Ingredients: <em>Milk chocolate 40 % [sugar, cocoa butter, whole milk powder, cocoa mass, whey powder (from milk), milkfat, emulsifier: lecithins (of soya), vanillin, emulsifier: E476], sugar, vegetable fat (palm), whole milk powder (7,7 %), skimmed milk powder (4,7 %), whey powder (from milk), hazelnuts (1,0 %), anhydrous milk fat, flavouring, emulsifier: lecithins (of soya). Cocoa mass minimum 30%.<\/em><\/p>\n<p><strong style=\"color: #333333;\">The Product is gluten-free.<\/strong><span style=\"color: #333333;\">\u00a0<\/span><em style=\"color: #333333;\">It contains milk and products thereof, soybean derivatives, and hazelnuts. It may also<\/em><em>\u00a0contain eggs, peanuts, and other nuts.<\/em><\/p>\n<p><em>Product made from raw materials that doesn\u2019t contain GMO<\/em><\/p>\n<table>\n<tbody>\n<tr>\n<td colspan=\"2\" width=\"356\"><strong>Warto\u015b\u0107 od\u017cywcza w 100 g produktu \/<\/strong><\/p>\n<p><strong><em>Nutrition value in 100g of product<\/em><\/strong><\/td>\n<\/tr>\n<tr>\n<td width=\"213\">Energia <em>\/ Energy<\/em><\/td>\n<td width=\"144\">2292 kJ \/ 550 \u00a0kcal<\/td>\n<\/tr>\n<tr>\n<td width=\"213\">T\u0142uszcz \/<em> Fat<\/em><\/td>\n<td width=\"144\">37 g<\/td>\n<\/tr>\n<tr>\n<td width=\"213\">w tym kwasy t\u0142uszczowe nasycone \/ <em>of which saturates<\/em><\/td>\n<td width=\"144\">13 \u00a0g<\/td>\n<\/tr>\n<tr>\n<td width=\"213\">W\u0119glowodany \/ <em>Carbohydrate<\/em><\/td>\n<td width=\"144\">50 g<\/td>\n<\/tr>\n<tr>\n<td width=\"213\">w tym cukry \/ <em>of which sugars<\/em><\/td>\n<td width=\"144\">50 g<\/td>\n<\/tr>\n<tr>\n<td width=\"213\">Bia\u0142ko \/ <em>Protein<\/em><\/td>\n<td width=\"144\">4,3 g<\/td>\n<\/tr>\n<tr>\n<td width=\"213\">S\u00f3l \/ <em>Salt<\/em><\/td>\n<td width=\"144\">0,09 g<\/td>\n<\/tr>\n<\/tbody>\n<\/table>\n<p>&nbsp;<\/p>\n","protected":false},"excerpt":{"rendered":"<p>Made in Poland (GB) GF Dolce Amo Choco Bites \u2013 850g \u00a0 \u00a0 \u00a0 \u00a0 \u00a0 \u00a0 \u00a0 \u00a0 \u00a0 \u00a0 \u00a0 \u00a0 \u00a0 \u00a0 \u00a0 \u00a0 \u00a0 \u00a0 \u00a0 \u00a0 \u00a0 \u00a0 \u00a0 \u00a0 Ingredients: Milk chocolate 40 % [sugar, cocoa butter, whole milk powder, cocoa mass, whey powder (from milk), milkfat, emulsifier: lecithins [&#8230;]\n","protected":false},"featured_media":779,"comment_status":"closed","ping_status":"closed","template":"","meta":[],"product_brand":[],"product_cat":[18,63,25,22],"product_tag":[],"class_list":{"0":"post-788","1":"product","2":"type-product","3":"status-publish","4":"has-post-thumbnail","6":"product_cat-all-products","7":"product_cat-dolce-amo-confectionery","8":"product_cat-gluten-free","9":"product_cat-snacks","11":"first","12":"outofstock","13":"sale","14":"shipping-taxable","15":"purchasable","16":"product-type-simple"},"lang":"en","translations":{"en":788,"ar":1344},"jetpack_sharing_enabled":true,"pll_sync_post":[],"_links":{"self":[{"href":"https:\/\/storiakw.com\/index.php?rest_route=\/wp\/v2\/product\/788","targetHints":{"allow":["GET"]}}],"collection":[{"href":"https:\/\/storiakw.com\/index.php?rest_route=\/wp\/v2\/product"}],"about":[{"href":"https:\/\/storiakw.com\/index.php?rest_route=\/wp\/v2\/types\/product"}],"replies":[{"embeddable":true,"href":"https:\/\/storiakw.com\/index.php?rest_route=%2Fwp%2Fv2%2Fcomments&post=788"}],"wp:featuredmedia":[{"embeddable":true,"href":"https:\/\/storiakw.com\/index.php?rest_route=\/wp\/v2\/media\/779"}],"wp:attachment":[{"href":"https:\/\/storiakw.com\/index.php?rest_route=%2Fwp%2Fv2%2Fmedia&parent=788"}],"wp:term":[{"taxonomy":"product_brand","embeddable":true,"href":"https:\/\/storiakw.com\/index.php?rest_route=%2Fwp%2Fv2%2Fproduct_brand&post=788"},{"taxonomy":"product_cat","embeddable":true,"href":"https:\/\/storiakw.com\/index.php?rest_route=%2Fwp%2Fv2%2Fproduct_cat&post=788"},{"taxonomy":"product_tag","embeddable":true,"href":"https:\/\/storiakw.com\/index.php?rest_route=%2Fwp%2Fv2%2Fproduct_tag&post=788"}],"curies":[{"name":"wp","href":"https:\/\/api.w.org\/{rel}","templated":true}]}}