{"id":790,"date":"2025-05-09T22:53:45","date_gmt":"2025-05-09T19:53:45","guid":{"rendered":"https:\/\/storiakw.com\/?post_type=product&#038;p=790"},"modified":"2026-04-21T14:49:44","modified_gmt":"2026-04-21T11:49:44","slug":"gf-toffee-amo-chocolate-with-caramel-chocolate-filling-270g","status":"publish","type":"product","link":"https:\/\/storiakw.com\/?product=gf-toffee-amo-chocolate-with-caramel-chocolate-filling-270g","title":{"rendered":"GF Toffee Amo Chocolate with Caramel &#038; Chocolate Filling 270g"},"content":{"rendered":"<p>Made in Poland<\/p>\n<p><strong>(GB) GF Toffee Amo Chocolate with Caramel &amp; Chocolate Filling 270g \u00a0 \u00a0 \u00a0 \u00a0 \u00a0 \u00a0 \u00a0 \u00a0 \u00a0 \u00a0 \u00a0 \u00a0 \u00a0 \u00a0 \u00a0 \u00a0 \u00a0 \u00a0 \u00a0 \u00a0 \u00a0<\/strong><br \/>\nIngredients: <em>Glucose syrup, chocolate (21%) [sugar, cocoa mass, cocoa butter, emulsifiers: E 492, lecithins (of soya), E 476, flavouring], sugar, vegetable fat (palm), whole milk powder, fat reduced cocoa powder (0,9%), salt, flavourings.<\/em> <em>Cocoa mass minimum 46%.<\/em><\/p>\n<p><strong style=\"color: #333333;\">The Product is gluten-free.<\/strong><span style=\"color: #333333;\">\u00a0<span style=\"box-sizing: border-box; margin: 0px; padding: 0px;\">The p<em>roduct<\/em><\/span><em>\u00a0contains milk and products thereof, soybean derivatives. The product may contain peanuts and other nuts.<\/em><\/span><\/p>\n<table>\n<tbody>\n<tr>\n<td colspan=\"2\" width=\"356\"><strong>Warto\u015b\u0107 od\u017cywcza w 100 g produktu \/<\/strong><\/p>\n<p><strong><em>Nutrition value in 100g of product<\/em><\/strong><\/td>\n<\/tr>\n<tr>\n<td width=\"213\">Energia <em>\/ Energy<\/em><\/td>\n<td width=\"144\">2092 kJ \/ 499 kcal<\/td>\n<\/tr>\n<tr>\n<td width=\"213\">T\u0142uszcz \/<em> Fat<\/em><\/td>\n<td width=\"144\">22 g<\/td>\n<\/tr>\n<tr>\n<td width=\"213\">w tym kwasy t\u0142uszczowe nasycone \/ <em>of which saturates<\/em><\/td>\n<td width=\"144\">15 g<\/td>\n<\/tr>\n<tr>\n<td width=\"213\">W\u0119glowodany \/ <em>Carbohydrate<\/em><\/td>\n<td width=\"144\">72 g<\/td>\n<\/tr>\n<tr>\n<td width=\"213\">w tym cukry \/ <em>of which sugars<\/em><\/td>\n<td width=\"144\">51 g<\/td>\n<\/tr>\n<tr>\n<td width=\"213\">Bia\u0142ko \/ <em>Protein<\/em><\/td>\n<td width=\"144\">3,2 g<\/td>\n<\/tr>\n<tr>\n<td width=\"213\">S\u00f3l \/ <em>Salt<\/em><\/td>\n<td width=\"144\">0,32 g<\/td>\n<\/tr>\n<\/tbody>\n<\/table>\n<p>&nbsp;<\/p>\n","protected":false},"excerpt":{"rendered":"<p>Made in Poland (GB) GF Toffee Amo Chocolate with Caramel &amp; Chocolate Filling 270g \u00a0 \u00a0 \u00a0 \u00a0 \u00a0 \u00a0 \u00a0 \u00a0 \u00a0 \u00a0 \u00a0 \u00a0 \u00a0 \u00a0 \u00a0 \u00a0 \u00a0 \u00a0 \u00a0 \u00a0 \u00a0 Ingredients: Glucose syrup, chocolate (21%) [sugar, cocoa mass, cocoa butter, emulsifiers: E 492, lecithins (of soya), E 476, flavouring], sugar, [&#8230;]\n","protected":false},"featured_media":787,"comment_status":"closed","ping_status":"closed","template":"","meta":[],"product_brand":[],"product_cat":[18,63,25,22],"product_tag":[],"class_list":{"0":"post-790","1":"product","2":"type-product","3":"status-publish","4":"has-post-thumbnail","6":"product_cat-all-products","7":"product_cat-dolce-amo-confectionery","8":"product_cat-gluten-free","9":"product_cat-snacks","11":"first","12":"outofstock","13":"sale","14":"shipping-taxable","15":"purchasable","16":"product-type-simple"},"lang":"en","translations":{"en":790,"ar":1348},"jetpack_sharing_enabled":true,"pll_sync_post":[],"_links":{"self":[{"href":"https:\/\/storiakw.com\/index.php?rest_route=\/wp\/v2\/product\/790","targetHints":{"allow":["GET"]}}],"collection":[{"href":"https:\/\/storiakw.com\/index.php?rest_route=\/wp\/v2\/product"}],"about":[{"href":"https:\/\/storiakw.com\/index.php?rest_route=\/wp\/v2\/types\/product"}],"replies":[{"embeddable":true,"href":"https:\/\/storiakw.com\/index.php?rest_route=%2Fwp%2Fv2%2Fcomments&post=790"}],"wp:featuredmedia":[{"embeddable":true,"href":"https:\/\/storiakw.com\/index.php?rest_route=\/wp\/v2\/media\/787"}],"wp:attachment":[{"href":"https:\/\/storiakw.com\/index.php?rest_route=%2Fwp%2Fv2%2Fmedia&parent=790"}],"wp:term":[{"taxonomy":"product_brand","embeddable":true,"href":"https:\/\/storiakw.com\/index.php?rest_route=%2Fwp%2Fv2%2Fproduct_brand&post=790"},{"taxonomy":"product_cat","embeddable":true,"href":"https:\/\/storiakw.com\/index.php?rest_route=%2Fwp%2Fv2%2Fproduct_cat&post=790"},{"taxonomy":"product_tag","embeddable":true,"href":"https:\/\/storiakw.com\/index.php?rest_route=%2Fwp%2Fv2%2Fproduct_tag&post=790"}],"curies":[{"name":"wp","href":"https:\/\/api.w.org\/{rel}","templated":true}]}}