{"id":801,"date":"2025-05-10T00:52:18","date_gmt":"2025-05-09T21:52:18","guid":{"rendered":"https:\/\/storiakw.com\/?post_type=product&#038;p=801"},"modified":"2026-04-08T17:35:18","modified_gmt":"2026-04-08T14:35:18","slug":"gf-gabbi-ice-caramels-with-ice-flavour-90g","status":"publish","type":"product","link":"https:\/\/storiakw.com\/?product=gf-gabbi-ice-caramels-with-ice-flavour-90g","title":{"rendered":"GF Gabbi Ice Caramels with Ice Flavour 90g"},"content":{"rendered":"<p>Made in Poland<\/p>\n<p><strong>(GB) GF\u00a0Gabbi Ice Caramels with Ice Flavour 90g<\/strong><br \/>\nIngredients: <em>Sugar, glucose syrup, acidity regulator: citric acid, flavouring, menthol, colour: patent blue V<\/em><\/p>\n<p><strong style=\"color: #333333;\">The Product is gluten-free. However, it may contain milk and its products, soybeans and their products, peanuts,<\/strong><span style=\"color: #333333;\"><span style=\"box-sizing: border-box; margin: 0px; padding: 0px;\"><em>\u00a0and other nuts.<\/em><\/span><\/span><\/p>\n<p><em>Product made from raw materials that doesn\u2019t contain GMO<\/em><\/p>\n<table style=\"width: 517px;\">\n<tbody>\n<tr>\n<td style=\"width: 517px;\" colspan=\"2\" width=\"511\"><strong>Warto\u015b\u0107 od\u017cywcza w 100 g produktu \/<\/strong><\/p>\n<p><strong><em>Nutrition value in 100g of product<\/em><\/strong><\/td>\n<\/tr>\n<tr>\n<td style=\"width: 216px;\" width=\"213\">Energia <em>\/ Energy<\/em><\/td>\n<td style=\"width: 301px;\" width=\"298\">1530 kJ \/ 360 kcal<\/td>\n<\/tr>\n<tr>\n<td style=\"width: 216px;\" width=\"213\">T\u0142uszcz \/<em> Fat<\/em><\/td>\n<td style=\"width: 301px;\" width=\"298\">0 g<\/td>\n<\/tr>\n<tr>\n<td style=\"width: 216px;\" width=\"213\">w tym kwasy t\u0142uszczowe nasycone \/ <em>of which saturates<\/em><\/td>\n<td style=\"width: 301px;\" width=\"298\">0 g<\/td>\n<\/tr>\n<tr>\n<td style=\"width: 216px;\" width=\"213\">W\u0119glowodany \/ <em>Carbohydrate<\/em><\/td>\n<td style=\"width: 301px;\" width=\"298\">90 g<\/td>\n<\/tr>\n<tr>\n<td style=\"width: 216px;\" width=\"213\">w tym cukry \/ <em>of which sugars<\/em><\/td>\n<td style=\"width: 301px;\" width=\"298\">69 g<\/td>\n<\/tr>\n<tr>\n<td style=\"width: 216px;\" width=\"213\">Bia\u0142ko \/ <em>Protein<\/em><\/td>\n<td style=\"width: 301px;\" width=\"298\">0 g<\/td>\n<\/tr>\n<tr>\n<td style=\"width: 216px;\" width=\"213\">S\u00f3l \/ <em>Salt<br \/>\n<\/em>Witamina C<em> \/ Vitamin C\u00a0\u00a0\u00a0\u00a0\u00a0\u00a0\u00a0\u00a0\u00a0\u00a0\u00a0\u00a0\u00a0\u00a0\u00a0\u00a0\u00a0\u00a0 <\/em><\/td>\n<td style=\"width: 301px;\" width=\"298\">0,47 g<\/p>\n<p>24 mg (30%) *<\/p>\n<p>&nbsp;<\/td>\n<\/tr>\n<tr>\n<td style=\"width: 517px;\" colspan=\"2\" width=\"511\">*-% dziennej referencyjnej warto\u015bci spo\u017cycia witamin i sk\u0142adnik\u00f3w mineralnych (dla os\u00f3b doros\u0142ych<em>) \/<br \/>\n% nutrient reference values for vitamins and minerals (adults)<\/em><\/td>\n<\/tr>\n<\/tbody>\n<\/table>\n<p>&nbsp;<\/p>\n<p><strong>\u00a0\u062d\u0644\u0648\u0649 \u0627\u0644\u0643\u0631\u0627\u0645\u064a\u0644 \u0628\u0627\u0644\u0646\u0643\u0647\u0629 \u0627\u0644\u062b\u0644\u062c\u064a\u0629 <\/strong><strong>\u062e\u0627\u0644\u064a\u0629 \u0645\u0646 \u0627\u0644\u063a\u0644\u0648\u062a\u064a\u0646<\/strong><strong> \u2013 90 \u062c\u0631\u0627\u0645\u00a0\u00a0\u00a0\u00a0\u00a0\u00a0\u00a0\u00a0\u00a0\u00a0\u00a0\u00a0\u00a0\u00a0\u00a0\u00a0\u00a0\u00a0\u00a0\u00a0\u00a0\u00a0\u00a0\u00a0\u00a0\u00a0\u00a0\u00a0\u00a0\u00a0\u00a0\u00a0\u00a0\u00a0\u00a0\u00a0\u00a0\u00a0\u00a0\u00a0\u00a0\u00a0\u00a0\u00a0\u00a0\u00a0\u00a0\u00a0\u00a0\u00a0\u00a0\u00a0\u00a0\u00a0\u00a0\u00a0\u00a0\u00a0\u00a0\u00a0\u00a0\u00a0\u00a0\u00a0\u00a0\u00a0\u00a0\u00a0\u00a0\u00a0\u00a0\u00a0\u00a0\u00a0\u00a0\u00a0 <\/strong><\/p>\n<p><strong><u>\u0627\u0644\u0645\u0643\u0648\u0646\u0627\u062a:<\/u><\/strong> \u0633\u0643\u0631\u060c \u0634\u0631\u0627\u0628 \u0627\u0644\u062c\u0644\u0648\u0643\u0648\u0632\u060c \u0645\u0646\u0638\u0645 \u0627\u0644\u062d\u0645\u0648\u0636\u0629: \u062d\u0645\u0636 \u0627\u0644\u0633\u062a\u0631\u064a\u0643\u060c \u0646\u0643\u0647\u0629\u060c \u0627\u0644\u0645\u0646\u062a\u0648\u0644\u060c \u0644\u0648\u0646: \u0627\u0644\u0623\u0632\u0631\u0642 \u0627\u0644\u0628\u0627\u062a\u0646\u062a V.<\/p>\n<p><strong><u>\u062a\u062d\u0630\u064a\u0631 \u0645\u0646 \u0627\u0644\u062d\u0633\u0627\u0633\u064a\u0629:<\/u><\/strong> \u0642\u062f \u064a\u062d\u062a\u0648\u064a \u0647\u0630\u0627 \u0627\u0644\u0645\u0646\u062a\u062c \u0639\u0644\u0649: \u0627\u0644\u062d\u0644\u064a\u0628 \u0648\u0645\u0646\u062a\u062c\u0627\u062a\u0647\u060c \u0641\u0648\u0644 \u0627\u0644\u0635\u0648\u064a\u0627 \u0648\u0645\u0646\u062a\u062c\u0627\u062a\u0647\u060c \u0627\u0644\u0641\u0648\u0644 \u0627\u0644\u0633\u0648\u062f\u0627\u0646\u064a \u0648\u0627\u0644\u0645\u0643\u0633\u0631\u0627\u062a \u0627\u0644\u0623\u062e\u0631\u0649.<\/p>\n<p><strong><u>\u0647\u0630\u0627 \u0627\u0644\u0645\u0646\u062a\u062c \u062e\u0627\u0644\u064a \u0645\u0646 \u0627\u0644\u063a\u0644\u0648\u062a\u064a\u0646 \u060c \u0648\u062e\u0627\u0644\u064a \u0645\u0646 \u0627\u0644\u0623\u0644\u0648\u0627\u0646 \u0627\u0644\u0635\u0646\u0627\u0639\u064a\u0629 \u0648\u0627\u0644\u0646\u0643\u0647\u0627\u062a \u0627\u0644\u0635\u0646\u0627\u0639\u064a\u0629 \u0648\u0627\u0644\u0645\u0648\u0627\u062f \u0627\u0644\u0645\u0639\u062f\u0644\u0629 \u0648\u0631\u0627\u062b\u064a\u0627. <\/u><\/strong><\/p>\n<p>\u0627\u062d\u0641\u0638\u0647 \u0641\u064a \u0645\u0643\u0627\u0646 \u0628\u0627\u0631\u062f \u0648\u062c\u0627\u0641 \u0628\u0639\u064a\u062f\u0627 \u0639\u0646 \u0623\u0634\u0639\u0629 \u0627\u0644\u0634\u0645\u0633 \u0627\u0644\u0645\u0628\u0627\u0634\u0631\u0629.<\/p>\n<p><strong><u>\u0627\u0644\u0648\u0632\u0646 \u0627\u0644\u0635\u0627\u0641\u064a:<\/u><\/strong> 90 \u063a\u0631\u0627\u0645. <strong><u>\u0627\u0644\u0645\u0646\u0634\u0623:<\/u><\/strong> \u0628\u0648\u0644\u0646\u062f\u0627.<\/p>\n<table width=\"132\">\n<tbody>\n<tr>\n<td width=\"132\"><strong>\u0627\u0644\u062d\u0642\u0627\u0626\u0642 \u0627\u0644\u062a\u063a\u0630\u0648\u064a\u0629<\/strong><strong> \u0644\u0643\u0644 100 \u063a\u0631\u0627\u0645<\/strong><\/td>\n<\/tr>\n<tr>\n<td width=\"132\"><strong>\u0627\u0644\u0633\u0639\u0631\u0627\u062a \u0627\u0644\u062d\u0631\u0627\u0631\u064a\u0629 <\/strong><strong>384<\/strong><strong> \u0643\u0627\u0644\u0648\u0631\u064a<\/strong><strong>\/<\/strong><strong> \u0627\u0644\u0637\u0627\u0642\u0629 <\/strong><strong>\u00a0<\/strong><strong>1632 <\/strong><strong>\u0643\u062c<\/strong><\/td>\n<\/tr>\n<tr>\n<td width=\"132\"><strong>\u0627\u0644\u062f\u0647\u0648\u0646 \u0627\u0644\u0643\u0644\u064a\u0629 0 \u063a\u0631\u0627\u0645<\/strong><\/td>\n<\/tr>\n<tr>\n<td width=\"132\">\u062f\u0647\u0648\u0646 \u0645\u0634\u0628\u0639\u0629 0 \u063a\u0631\u0627\u0645<\/td>\n<\/tr>\n<tr>\n<td width=\"132\">0 \u0645\u0644\u063a\u0631\u0627\u0645 \u062f\u0647\u0648\u0646 \u0645\u062a\u062d\u0648\u0644\u0629<\/td>\n<\/tr>\n<tr>\n<td width=\"132\"><strong>96 \u063a\u0631\u0627\u0645<\/strong><strong> \u0627\u0644\u0643\u0631\u0628\u0648\u0647\u064a\u062f\u0631\u0627\u062a \u0627\u0644\u0643\u0644\u064a\u0629<\/strong><\/td>\n<\/tr>\n<tr>\n<td width=\"132\">\u0627\u0644\u0623\u0644\u064a\u0627\u0641 \u0627\u0644\u063a\u0630\u0627\u0626\u064a\u0629 0 \u063a\u0631\u0627\u0645<\/td>\n<\/tr>\n<tr>\n<td width=\"132\">75 \u063a\u0631\u0627\u0645 \u0633\u0643\u0631\u064a\u0627\u062a \u0643\u0644\u064a\u0629<\/td>\n<\/tr>\n<tr>\n<td width=\"132\">\u064a\u062a\u0636\u0645\u0646 \u0645\u062d\u0644\u064a\u0627\u062a \u062e\u0627\u0644\u064a\u0647 \u0645\u0646 \u0627\u0644\u0633\u0643\u0631 0 \u063a\u0631\u0627\u0645<\/td>\n<\/tr>\n<tr>\n<td width=\"132\"><strong>\u0628\u0631\u0648\u062a\u064a\u0646 0 <\/strong>\u063a\u0631\u0627\u0645<\/td>\n<\/tr>\n<tr>\n<td width=\"132\"><strong>\u0645\u0644\u062d 0 <\/strong>\u063a\u0631\u0627\u0645<\/td>\n<\/tr>\n<\/tbody>\n<\/table>\n<p>&nbsp;<\/p>\n<p>&nbsp;<\/p>\n","protected":false},"excerpt":{"rendered":"<p>Made in Poland (GB) GF\u00a0Gabbi Ice Caramels with Ice Flavour 90g Ingredients: Sugar, glucose syrup, acidity regulator: citric acid, flavouring, menthol, colour: patent blue V The Product is gluten-free. However, it may contain milk and its products, soybeans and their products, peanuts,\u00a0and other nuts. Product made from raw materials that doesn\u2019t contain GMO Warto\u015b\u0107 od\u017cywcza [&#8230;]\n","protected":false},"featured_media":781,"comment_status":"closed","ping_status":"closed","template":"","meta":[],"product_brand":[],"product_cat":[18,63,25,22,79],"product_tag":[],"class_list":{"0":"post-801","1":"product","2":"type-product","3":"status-publish","4":"has-post-thumbnail","6":"product_cat-all-products","7":"product_cat-dolce-amo-confectionery","8":"product_cat-gluten-free","9":"product_cat-snacks","10":"product_cat-vegan","12":"first","13":"outofstock","14":"sale","15":"shipping-taxable","16":"purchasable","17":"product-type-simple"},"lang":"en","translations":{"en":801},"jetpack_sharing_enabled":true,"pll_sync_post":[],"_links":{"self":[{"href":"https:\/\/storiakw.com\/index.php?rest_route=\/wp\/v2\/product\/801","targetHints":{"allow":["GET"]}}],"collection":[{"href":"https:\/\/storiakw.com\/index.php?rest_route=\/wp\/v2\/product"}],"about":[{"href":"https:\/\/storiakw.com\/index.php?rest_route=\/wp\/v2\/types\/product"}],"replies":[{"embeddable":true,"href":"https:\/\/storiakw.com\/index.php?rest_route=%2Fwp%2Fv2%2Fcomments&post=801"}],"wp:featuredmedia":[{"embeddable":true,"href":"https:\/\/storiakw.com\/index.php?rest_route=\/wp\/v2\/media\/781"}],"wp:attachment":[{"href":"https:\/\/storiakw.com\/index.php?rest_route=%2Fwp%2Fv2%2Fmedia&parent=801"}],"wp:term":[{"taxonomy":"product_brand","embeddable":true,"href":"https:\/\/storiakw.com\/index.php?rest_route=%2Fwp%2Fv2%2Fproduct_brand&post=801"},{"taxonomy":"product_cat","embeddable":true,"href":"https:\/\/storiakw.com\/index.php?rest_route=%2Fwp%2Fv2%2Fproduct_cat&post=801"},{"taxonomy":"product_tag","embeddable":true,"href":"https:\/\/storiakw.com\/index.php?rest_route=%2Fwp%2Fv2%2Fproduct_tag&post=801"}],"curies":[{"name":"wp","href":"https:\/\/api.w.org\/{rel}","templated":true}]}}